{"id":2215,"date":"2023-11-16T10:46:08","date_gmt":"2023-11-16T09:46:08","guid":{"rendered":"https:\/\/rfidick.pixel-tal.de\/rfidick-solutions\/knives-and-tools\/f-dick-mastergrip-rfid\/"},"modified":"2024-11-09T16:41:21","modified_gmt":"2024-11-09T15:41:21","slug":"f-dick-mastergrip-rfid","status":"publish","type":"page","link":"https:\/\/rfidick.de\/en\/rfidick-solutions\/knives-and-tools\/f-dick-mastergrip-rfid\/","title":{"rendered":"F. DICK MasterGrip RFID"},"content":{"rendered":"\r\n\t\t\t       \r\n            \r\n            <section id=\"0c436369\" class=\"hero hero-0c436369 hero--offset hero--overlay hero--default\" data-theme=\"dark\">\r\n\t\t\t\t\t\t\t\t<div class=\"acf-innerblocks-container \">\n\r\n\t\t\t       \r\n                    \r\n            <div id=\"eb6f0f4f\" class=\"hero-item hero-item-eb6f0f4f hero-item--image\">\r\n\r\n\t\t\t\t<div class=\"hero-canvas\">\r\n\t\t\t\t\t<div class=\"headlines\">\r\n\t\t\t\t\t\t<h1 class=\"hero-headline headline\">MasterGrip<\/h1>\t\t\t\t\t\t<div class=\"hero-subheadline subheadline\">Striking .\nVariable .\nFast  <\/div>\t\t\t\t\t<\/div>\r\n\t\t\t\t\t<div class=\"gb-container gb-buttons\"><a class=\"gb-button smooth-scroll\" href=\"#produkte\" target=\"\">To the products<\/a><\/div>\t\t\t\t<\/div>\r\n\r\n\t\t\t\t<div class=\"hero-media hero-media-image\"><img loading=\"lazy\" decoding=\"async\" width=\"1920\" height=\"750\" src=\"https:\/\/rfidick.de\/wp-content\/uploads\/hero-mastergrip-messer.jpg\" class=\"attachment-full size-full\" alt=\"RFIDICK Messer Hero MasterGrip Flexibel\" srcset=\"https:\/\/rfidick.de\/wp-content\/uploads\/hero-mastergrip-messer.jpg 1920w, https:\/\/rfidick.de\/wp-content\/uploads\/hero-mastergrip-messer-300x117.jpg 300w, https:\/\/rfidick.de\/wp-content\/uploads\/hero-mastergrip-messer-1024x400.jpg 1024w, https:\/\/rfidick.de\/wp-content\/uploads\/hero-mastergrip-messer-768x300.jpg 768w, https:\/\/rfidick.de\/wp-content\/uploads\/hero-mastergrip-messer-1536x600.jpg 1536w, https:\/\/rfidick.de\/wp-content\/uploads\/hero-mastergrip-messer-1x1.jpg 1w\" sizes=\"auto, (max-width: 1920px) 100vw, 1920px\" \/><\/div>            <\/div>\r\n\t\t\t\t\r\n            \r\n\t\t\t\r\n            \n<\/div>\r\n\t\t\t\t\t\t\t<\/section>\r\n\t\t\t\t\r\n\t\t\t\r\n\t\t\t        \r\n            <section id=\"6c39fa3f\" class=\"gb-section gb-container gb-container-6c39fa3f\" data-container-type=\"section\" data-theme=\"light\">\n<div id=\"97e6327d\" class=\"gb-inner-section gb-container gb-container-97e6327d\" data-aos=\"fade-up\" data-container-type=\"content\" data-width=\"default\">\n\n<div class=\"wp-block-pixel-headline headlines --subheadline-bottom has-text-align-left\"><h2 class=\"headline\" style=\"color:\">Special tools for the professional<\/h2><\/div>\n\n\n\n<p>Our MasterGrip RFID series offers specially developed knives for daily, concentrated work in the meat industry.\nThe handle of the MasterGrip RFID butcher&#8217;s knives has been developed and shaped through intensive practical testing to meet the specific requirements of meat cutting. <\/p>\n\n\n\n<p><strong>The special features of the F. DICK MasterGrip RFID knife series are:<\/strong><\/p>\n\n<\/div>\n\n<div id=\"d90c7bbd\" class=\"gb-inner-section gb-container gb-container-d90c7bbd alignwide\" data-container-type=\"content\" data-width=\"full\">\n<div class=\"tooltip-image tooltip-image-mastergrip\"><div class=\"tooltip-image-points\"><div class=\"tooltip-image-point\" style=\"--point-x:8%;--point-y:32%\"><div class=\"tooltip-image-button\">+<\/div><div class=\"tooltip-image-tip tooltip-image-tip-0\"><span>Pr\u00e4zise Schneidengeometrie<\/span><\/div><\/div><div class=\"tooltip-image-point\" style=\"--point-x:19%;--point-y:29%\"><div class=\"tooltip-image-button\">+<\/div><div class=\"tooltip-image-tip tooltip-image-tip-1\"><span>Polierte, standfeste, korrosionsbest\u00e4ndige Klinge, X55CrMo14, H\u00e4rte 56\u00b0 HRC<\/span><\/div><\/div><div class=\"tooltip-image-point\" style=\"--point-x:48%;--point-y:63%\"><div class=\"tooltip-image-button\">+<\/div><div class=\"tooltip-image-tip tooltip-image-tip-2\"><span>Keine Spaltenbildung<\/span><\/div><\/div><div class=\"tooltip-image-point\" style=\"--point-x:53%;--point-y:47%\"><div class=\"tooltip-image-button\">+<\/div><div class=\"tooltip-image-tip tooltip-image-tip-3\"><span>Seitliche Daumenauflage<\/span><\/div><\/div><div class=\"tooltip-image-point\" style=\"--point-x:68%;--point-y:55%\"><div class=\"tooltip-image-button\">+<\/div><div class=\"tooltip-image-tip tooltip-image-tip-4\"><span>Offener Griff f\u00fcr alle Handgr\u00f6\u00dfen<\/span><\/div><\/div><div class=\"tooltip-image-point\" style=\"--point-x:77%;--point-y:47%\"><div class=\"tooltip-image-button\">+<\/div><div class=\"tooltip-image-tip tooltip-image-tip-5\"><span>RFID-Chip im Griff<\/span><\/div><\/div><div class=\"tooltip-image-point\" style=\"--point-x:80%;--point-y:70%\"><div class=\"tooltip-image-button\">+<\/div><div class=\"tooltip-image-tip tooltip-image-tip-6\"><span>Sicherheitsfarben t\u00fcrkis<\/span><\/div><\/div><div class=\"tooltip-image-point\" style=\"--point-x:88%;--point-y:49%\"><div class=\"tooltip-image-button\">+<\/div><div class=\"tooltip-image-tip tooltip-image-tip-7\"><span>Rutschfester, ergonomischer Griff aus Kunststoff<\/span><\/div><\/div><\/div><div class=\"tooltip-image-media\"><img loading=\"lazy\" decoding=\"async\" width=\"1000\" height=\"310\" src=\"https:\/\/rfidick.de\/wp-content\/uploads\/mastergrip_gross.jpg\" class=\"attachment-tooltip_image size-tooltip_image\" alt=\"RFIDICK Messer MasterGrip Gro\u00df\" srcset=\"https:\/\/rfidick.de\/wp-content\/uploads\/mastergrip_gross.jpg 1000w, https:\/\/rfidick.de\/wp-content\/uploads\/mastergrip_gross-300x93.jpg 300w, https:\/\/rfidick.de\/wp-content\/uploads\/mastergrip_gross-768x238.jpg 768w, https:\/\/rfidick.de\/wp-content\/uploads\/mastergrip_gross-1x1.jpg 1w\" sizes=\"auto, (max-width: 1000px) 100vw, 1000px\" \/><\/div><\/div>\n\n<\/div>\n\n<div id=\"6919e3c9\" class=\"gb-inner-section gb-container gb-container-6919e3c9\" data-aos=\"fade-up\" data-container-type=\"content\" data-width=\"default\">\n<div id=\"2be25e99\" class=\"gb-container gb-container-2be25e99\" data-container-type=\"container\">\n\n<h3 class=\"gb-headline gb-headline-c3fc63fe\"><span class=\"gb-icon\"><svg xmlns=\"http:\/\/www.w3.org\/2000\/svg\" viewbox=\"0 0 33 33\" height=\"33\" width=\"33\">   <g transform=\"translate(-610 -1226)\" data-name=\"Gruppe 92\" id=\"Gruppe_92\">     <circle fill=\"#d9000d\" transform=\"translate(610 1226)\" r=\"16.5\" cy=\"16.5\" cx=\"16.5\" data-name=\"Ellipse 4\" id=\"Ellipse_4\"><\/circle>     <path stroke-width=\"2\" stroke-linecap=\"round\" stroke=\"#fff\" fill=\"none\" transform=\"translate(-3984.343 -0.794)\" d=\"M4602.042,1242.5l6.6,6.464,11-11.339\" data-name=\"Pfad 292\" id=\"Pfad_292\"><\/path>   <\/g> <\/svg><\/span><span class=\"gb-headline-text\">Proven MasterGrip handle<\/span><\/h3>\n\n\n\n<p>The handle is hard, abrasion-resistant, non-slip and sterilizable, which ensures maximum hygiene.<\/p>\n\n<\/div>\n\n<div id=\"3b53b178\" class=\"gb-container gb-container-3b53b178\" data-container-type=\"container\">\n\n<h3 class=\"gb-headline gb-headline-b7bd46af\"><span class=\"gb-icon\"><svg xmlns=\"http:\/\/www.w3.org\/2000\/svg\" viewbox=\"0 0 33 33\" height=\"33\" width=\"33\">   <g transform=\"translate(-610 -1226)\" data-name=\"Gruppe 92\" id=\"Gruppe_92\">     <circle fill=\"#d9000d\" transform=\"translate(610 1226)\" r=\"16.5\" cy=\"16.5\" cx=\"16.5\" data-name=\"Ellipse 4\" id=\"Ellipse_4\"><\/circle>     <path stroke-width=\"2\" stroke-linecap=\"round\" stroke=\"#fff\" fill=\"none\" transform=\"translate(-3984.343 -0.794)\" d=\"M4602.042,1242.5l6.6,6.464,11-11.339\" data-name=\"Pfad 292\" id=\"Pfad_292\"><\/path>   <\/g> <\/svg><\/span><span class=\"gb-headline-text\">Ergonomic product design<\/span><\/h3>\n\n\n\n<p>The knife is ergonomically designed to enable pain-free and effective work.<\/p>\n\n<\/div>\n\n<div id=\"0962eead\" class=\"gb-container gb-container-0962eead\" data-container-type=\"container\">\n\n<h3 class=\"gb-headline gb-headline-993366a4\"><span class=\"gb-icon\"><svg xmlns=\"http:\/\/www.w3.org\/2000\/svg\" viewbox=\"0 0 33 33\" height=\"33\" width=\"33\">   <g transform=\"translate(-610 -1226)\" data-name=\"Gruppe 92\" id=\"Gruppe_92\">     <circle fill=\"#d9000d\" transform=\"translate(610 1226)\" r=\"16.5\" cy=\"16.5\" cx=\"16.5\" data-name=\"Ellipse 4\" id=\"Ellipse_4\"><\/circle>     <path stroke-width=\"2\" stroke-linecap=\"round\" stroke=\"#fff\" fill=\"none\" transform=\"translate(-3984.343 -0.794)\" d=\"M4602.042,1242.5l6.6,6.464,11-11.339\" data-name=\"Pfad 292\" id=\"Pfad_292\"><\/path>   <\/g> <\/svg><\/span><span class=\"gb-headline-text\">Long cutting life<\/span><\/h3>\n\n\n\n<p>The high-quality blade requires less resharpening or sharpening, which saves time and effort.<\/p>\n\n<\/div>\n\n<div id=\"b6d0bfff\" class=\"gb-container gb-container-b6d0bfff\" data-container-type=\"container\">\n\n<h3 class=\"gb-headline gb-headline-6738d2b9\"><span class=\"gb-icon\"><svg xmlns=\"http:\/\/www.w3.org\/2000\/svg\" viewbox=\"0 0 33 33\" height=\"33\" width=\"33\">   <g transform=\"translate(-610 -1226)\" data-name=\"Gruppe 92\" id=\"Gruppe_92\">     <circle fill=\"#d9000d\" transform=\"translate(610 1226)\" r=\"16.5\" cy=\"16.5\" cx=\"16.5\" data-name=\"Ellipse 4\" id=\"Ellipse_4\"><\/circle>     <path stroke-width=\"2\" stroke-linecap=\"round\" stroke=\"#fff\" fill=\"none\" transform=\"translate(-3984.343 -0.794)\" d=\"M4602.042,1242.5l6.6,6.464,11-11.339\" data-name=\"Pfad 292\" id=\"Pfad_292\"><\/path>   <\/g> <\/svg><\/span><span class=\"gb-headline-text\">Balanced hardness<\/span><\/h3>\n\n\n\n<p>The balanced hardness of the blade results in significantly lower material consumption and ensures long-lasting performance.<\/p>\n\n<\/div>\n\n<div id=\"b93dcb97\" class=\"gb-container gb-container-b93dcb97\" data-container-type=\"container\">\n\n<h3 class=\"gb-headline gb-headline-879482b3\"><span class=\"gb-icon\"><svg xmlns=\"http:\/\/www.w3.org\/2000\/svg\" viewbox=\"0 0 33 33\" height=\"33\" width=\"33\">   <g transform=\"translate(-610 -1226)\" data-name=\"Gruppe 92\" id=\"Gruppe_92\">     <circle fill=\"#d9000d\" transform=\"translate(610 1226)\" r=\"16.5\" cy=\"16.5\" cx=\"16.5\" data-name=\"Ellipse 4\" id=\"Ellipse_4\"><\/circle>     <path stroke-width=\"2\" stroke-linecap=\"round\" stroke=\"#fff\" fill=\"none\" transform=\"translate(-3984.343 -0.794)\" d=\"M4602.042,1242.5l6.6,6.464,11-11.339\" data-name=\"Pfad 292\" id=\"Pfad_292\"><\/path>   <\/g> <\/svg><\/span><span class=\"gb-headline-text\">Polished, stable blade<\/span><\/h3>\n\n\n\n<p>The polished blade ensures longer corrosion resistance and high stability.<\/p>\n\n<\/div>\n<\/div>\n<\/section><section id=\"produkte\" class=\"gb-section gb-container gb-container-0369596c\" data-aos=\"fade-up\" data-container-type=\"section\" data-theme=\"light\" style=\"--section-padding-top:2rem;\">\n<div id=\"bbd70ef7\" class=\"gb-inner-section gb-container gb-container-bbd70ef7 alignwide\" data-container-type=\"content\" data-width=\"full\">\n\n<div class=\"wp-block-pixel-headline headlines --subheadline-bottom has-text-align-center is-gap-lg\"><h2 class=\"headline\" style=\"color:\">Our MasterGrip knives<\/h2><\/div>\n\n\n\n\t\t\t        \n                    \n            <div id=\"2a8b4d67\" class=\"grid grid-2a8b4d67 grid-product grid-columns-3\" style=\"--grid-columns:3;--grid-gap:3.75rem;\">\n\n\t\t\t\t<div class=\"grid-group\"><div class=\"grid-inner\"><div class=\"grid-item\"><a href=\"https:\/\/rfidick.de\/en\/produkte\/8-2891-13-rf-19\/\" class=\"card card-product card-product-2809\" >\r\n\t\t\t\t<div class=\"card-media\"><img loading=\"lazy\" decoding=\"async\" width=\"720\" height=\"220\" src=\"https:\/\/rfidick.de\/wp-content\/uploads\/8-2891-13-RF-70.jpg\" class=\"attachment-product size-product\" alt=\"Ausbeinmesser 13 cm steif mit MasterGrip\" srcset=\"https:\/\/rfidick.de\/wp-content\/uploads\/8-2891-13-RF-70.jpg 720w, https:\/\/rfidick.de\/wp-content\/uploads\/8-2891-13-RF-70-300x92.jpg 300w, https:\/\/rfidick.de\/wp-content\/uploads\/8-2891-13-RF-70-1x1.jpg 1w\" sizes=\"auto, (max-width: 720px) 100vw, 720px\" \/><\/div>\t\t\t\t<div class=\"card-content\">\r\n\t\t\t\t\t<div class=\"card-inner\">\r\n\t\t\t\t\t\t<div class=\"card-headlines headlines --subheadline-\"><span class=\"card-headline headline --h4\"><span class=\"description\">Boning knife 13 cm stiff<\/span><\/span><\/div><div class=\"card-copy\">8 2891 13-RF-19<\/div>\t\t\t\t\t<\/div>\r\n\r\n\t\t\t\t\t\t\t\t\t<\/div>\r\n\t\t\t<\/a><\/div><div class=\"grid-item\"><a href=\"https:\/\/rfidick.de\/en\/produkte\/8-2882-13-rf-19\/\" class=\"card card-product card-product-2926\" >\r\n\t\t\t\t<div class=\"card-media\"><img loading=\"lazy\" decoding=\"async\" width=\"720\" height=\"220\" src=\"https:\/\/rfidick.de\/wp-content\/uploads\/8-2882-13-RF-70.jpg\" class=\"attachment-product size-product\" alt=\"Ausbeinmesser 13 cm semi-flexibel mit MasterGrip\" srcset=\"https:\/\/rfidick.de\/wp-content\/uploads\/8-2882-13-RF-70.jpg 720w, https:\/\/rfidick.de\/wp-content\/uploads\/8-2882-13-RF-70-300x92.jpg 300w, https:\/\/rfidick.de\/wp-content\/uploads\/8-2882-13-RF-70-1x1.jpg 1w\" sizes=\"auto, (max-width: 720px) 100vw, 720px\" \/><\/div>\t\t\t\t<div class=\"card-content\">\r\n\t\t\t\t\t<div class=\"card-inner\">\r\n\t\t\t\t\t\t<div class=\"card-headlines headlines --subheadline-\"><span class=\"card-headline headline --h4\"><span class=\"description\">Boning knife 13 cm semi-flexible<\/span><\/span><\/div><div class=\"card-copy\">8 2882 13-RF-19<\/div>\t\t\t\t\t<\/div>\r\n\r\n\t\t\t\t\t\t\t\t\t<\/div>\r\n\t\t\t<\/a><\/div><div class=\"grid-item\"><a href=\"https:\/\/rfidick.de\/en\/produkte\/8-2881-13-rf-19\/\" class=\"card card-product card-product-2928\" >\r\n\t\t\t\t<div class=\"card-media\"><img loading=\"lazy\" decoding=\"async\" width=\"720\" height=\"220\" src=\"https:\/\/rfidick.de\/wp-content\/uploads\/8-2881-13-RF-70.jpg\" class=\"attachment-product size-product\" alt=\"Ausbeinmesser 13 cm flexibel mit MasterGrip &amp; RFID Technologie\" srcset=\"https:\/\/rfidick.de\/wp-content\/uploads\/8-2881-13-RF-70.jpg 720w, https:\/\/rfidick.de\/wp-content\/uploads\/8-2881-13-RF-70-300x92.jpg 300w, https:\/\/rfidick.de\/wp-content\/uploads\/8-2881-13-RF-70-1x1.jpg 1w\" sizes=\"auto, (max-width: 720px) 100vw, 720px\" \/><\/div>\t\t\t\t<div class=\"card-content\">\r\n\t\t\t\t\t<div class=\"card-inner\">\r\n\t\t\t\t\t\t<div class=\"card-headlines headlines --subheadline-\"><span class=\"card-headline headline --h4\"><span class=\"description\">Boning knife 13 cm flexible<\/span><\/span><\/div><div class=\"card-copy\">8 2881 13-RF-19<\/div>\t\t\t\t\t<\/div>\r\n\r\n\t\t\t\t\t\t\t\t\t<\/div>\r\n\t\t\t<\/a><\/div><div class=\"grid-item\"><a href=\"https:\/\/rfidick.de\/en\/produkte\/8-2881-15-rf-19\/\" class=\"card card-product card-product-2931\" >\r\n\t\t\t\t<div class=\"card-media\"><img loading=\"lazy\" decoding=\"async\" width=\"720\" height=\"220\" src=\"https:\/\/rfidick.de\/wp-content\/uploads\/8-2881-15-RF-70.jpg\" class=\"attachment-product size-product\" alt=\"Ausbeinmesser 15 cm flexibel mit MasterGrip &amp; RFID Technologie\" srcset=\"https:\/\/rfidick.de\/wp-content\/uploads\/8-2881-15-RF-70.jpg 720w, https:\/\/rfidick.de\/wp-content\/uploads\/8-2881-15-RF-70-300x92.jpg 300w, https:\/\/rfidick.de\/wp-content\/uploads\/8-2881-15-RF-70-1x1.jpg 1w\" sizes=\"auto, (max-width: 720px) 100vw, 720px\" \/><\/div>\t\t\t\t<div class=\"card-content\">\r\n\t\t\t\t\t<div class=\"card-inner\">\r\n\t\t\t\t\t\t<div class=\"card-headlines headlines --subheadline-\"><span class=\"card-headline headline --h4\"><span class=\"description\">Boning knife 15 cm flexible<\/span><\/span><\/div><div class=\"card-copy\">8 2881 15-RF-19<\/div>\t\t\t\t\t<\/div>\r\n\r\n\t\t\t\t\t\t\t\t\t<\/div>\r\n\t\t\t<\/a><\/div><div class=\"grid-item\"><a href=\"https:\/\/rfidick.de\/en\/produkte\/8-2882-15-rf-19\/\" class=\"card card-product card-product-2932\" >\r\n\t\t\t\t<div class=\"card-media\"><img loading=\"lazy\" decoding=\"async\" width=\"720\" height=\"220\" src=\"https:\/\/rfidick.de\/wp-content\/uploads\/8-2882-15-RF-70.jpg\" class=\"attachment-product size-product\" alt=\"Ausbeinmesser 15 cm semi-flexibel mit MasterGrip\" srcset=\"https:\/\/rfidick.de\/wp-content\/uploads\/8-2882-15-RF-70.jpg 720w, https:\/\/rfidick.de\/wp-content\/uploads\/8-2882-15-RF-70-300x92.jpg 300w, https:\/\/rfidick.de\/wp-content\/uploads\/8-2882-15-RF-70-1x1.jpg 1w\" sizes=\"auto, (max-width: 720px) 100vw, 720px\" \/><\/div>\t\t\t\t<div class=\"card-content\">\r\n\t\t\t\t\t<div class=\"card-inner\">\r\n\t\t\t\t\t\t<div class=\"card-headlines headlines --subheadline-\"><span class=\"card-headline headline --h4\"><span class=\"description\">Boning knife 15 cm semi-flexible<\/span><\/span><\/div><div class=\"card-copy\">8 2882 15-RF-19<\/div>\t\t\t\t\t<\/div>\r\n\r\n\t\t\t\t\t\t\t\t\t<\/div>\r\n\t\t\t<\/a><\/div><div class=\"grid-item\"><a href=\"https:\/\/rfidick.de\/en\/produkte\/8-2891-15-rf-19\/\" class=\"card card-product card-product-2933\" >\r\n\t\t\t\t<div class=\"card-media\"><img loading=\"lazy\" decoding=\"async\" width=\"720\" height=\"220\" src=\"https:\/\/rfidick.de\/wp-content\/uploads\/8-2891-15-RF-70.jpg\" class=\"attachment-product size-product\" alt=\"Ausbeinmesser 15 cm steif mit MasterGrip\" srcset=\"https:\/\/rfidick.de\/wp-content\/uploads\/8-2891-15-RF-70.jpg 720w, https:\/\/rfidick.de\/wp-content\/uploads\/8-2891-15-RF-70-300x92.jpg 300w, https:\/\/rfidick.de\/wp-content\/uploads\/8-2891-15-RF-70-1x1.jpg 1w\" sizes=\"auto, (max-width: 720px) 100vw, 720px\" \/><\/div>\t\t\t\t<div class=\"card-content\">\r\n\t\t\t\t\t<div class=\"card-inner\">\r\n\t\t\t\t\t\t<div class=\"card-headlines headlines --subheadline-\"><span class=\"card-headline headline --h4\"><span class=\"description\">Boning knife 15 cm stiff<\/span><\/span><\/div><div class=\"card-copy\">8 2891 15-RF-19<\/div>\t\t\t\t\t<\/div>\r\n\r\n\t\t\t\t\t\t\t\t\t<\/div>\r\n\t\t\t<\/a><\/div><\/div><\/div>            <\/div>\n\t\t\t\n\t\t\t\t\t\t\t\n\t\t\t\n            <!-- end:grid -->\n        \n            \n<\/div>\n<\/section>","protected":false},"excerpt":{"rendered":"<p>Our MasterGrip RFID series offers specially developed knives for daily, concentrated work in the meat industry. The handle of the MasterGrip RFID butcher&#8217;s knives has been developed and shaped through intensive practical testing to meet the specific requirements of meat cutting. The special features of the F. DICK MasterGrip RFID knife series are: Proven MasterGrip &#8230; <a title=\"F. DICK MasterGrip RFID\" class=\"read-more\" href=\"https:\/\/rfidick.de\/en\/rfidick-solutions\/knives-and-tools\/f-dick-mastergrip-rfid\/\" aria-label=\"Read more about F. DICK MasterGrip RFID\">Read more<\/a><\/p>\n","protected":false},"author":1,"featured_media":0,"parent":2169,"menu_order":1,"comment_status":"closed","ping_status":"closed","template":"","meta":{"_acf_changed":false,"inline_featured_image":false,"footnotes":""},"class_list":{"0":"post-2215","1":"page","2":"type-page","3":"status-publish","5":"no-featured-image-padding"},"acf":[],"yoast_head":"<!-- This site is optimized with the Yoast SEO plugin v23.9 - https:\/\/yoast.com\/wordpress\/plugins\/seo\/ -->\n<title>The MasterGrip from RFIDICK Solutions<\/title>\n<meta name=\"description\" content=\"Experience the MasterGrip RFID tools from RFIDICK-Solutions. Striking \u2713 Variable \u2713 Fast \u2713 Find out more and order now!\" \/>\n<meta name=\"robots\" content=\"index, follow, max-snippet:-1, max-image-preview:large, max-video-preview:-1\" \/>\n<link rel=\"canonical\" href=\"https:\/\/rfidick.de\/en\/rfidick-solutions\/knives-and-tools\/f-dick-mastergrip-rfid\/\" \/>\n<meta property=\"og:locale\" content=\"en_US\" \/>\n<meta property=\"og:type\" content=\"article\" \/>\n<meta property=\"og:title\" content=\"The MasterGrip from RFIDICK Solutions\" \/>\n<meta property=\"og:description\" content=\"Experience the MasterGrip RFID tools from RFIDICK-Solutions. Striking \u2713 Variable \u2713 Fast \u2713 Find out more and order now!\" \/>\n<meta property=\"og:url\" content=\"https:\/\/rfidick.de\/en\/rfidick-solutions\/knives-and-tools\/f-dick-mastergrip-rfid\/\" \/>\n<meta property=\"og:site_name\" content=\"RFIDICK-Solutions\" \/>\n<meta property=\"article:modified_time\" content=\"2024-11-09T15:41:21+00:00\" \/>\n<meta name=\"twitter:card\" content=\"summary_large_image\" \/>\n<meta name=\"twitter:label1\" content=\"Est. reading time\" \/>\n\t<meta name=\"twitter:data1\" content=\"1 minute\" \/>\n<script type=\"application\/ld+json\" class=\"yoast-schema-graph\">{\"@context\":\"https:\/\/schema.org\",\"@graph\":[{\"@type\":\"WebPage\",\"@id\":\"https:\/\/rfidick.de\/en\/rfidick-solutions\/knives-and-tools\/f-dick-mastergrip-rfid\/\",\"url\":\"https:\/\/rfidick.de\/en\/rfidick-solutions\/knives-and-tools\/f-dick-mastergrip-rfid\/\",\"name\":\"The MasterGrip from RFIDICK Solutions\",\"isPartOf\":{\"@id\":\"https:\/\/rfidick.de\/en\/#website\"},\"datePublished\":\"2023-11-16T09:46:08+00:00\",\"dateModified\":\"2024-11-09T15:41:21+00:00\",\"description\":\"Experience the MasterGrip RFID tools from RFIDICK-Solutions. Striking \u2713 Variable \u2713 Fast \u2713 Find out more and order now!\",\"breadcrumb\":{\"@id\":\"https:\/\/rfidick.de\/en\/rfidick-solutions\/knives-and-tools\/f-dick-mastergrip-rfid\/#breadcrumb\"},\"inLanguage\":\"en-US\",\"potentialAction\":[{\"@type\":\"ReadAction\",\"target\":[\"https:\/\/rfidick.de\/en\/rfidick-solutions\/knives-and-tools\/f-dick-mastergrip-rfid\/\"]}]},{\"@type\":\"BreadcrumbList\",\"@id\":\"https:\/\/rfidick.de\/en\/rfidick-solutions\/knives-and-tools\/f-dick-mastergrip-rfid\/#breadcrumb\",\"itemListElement\":[{\"@type\":\"ListItem\",\"position\":1,\"name\":\"Startseite\",\"item\":\"https:\/\/rfidick.de\/en\/\"},{\"@type\":\"ListItem\",\"position\":2,\"name\":\"Private: RFIDICK Solutions\",\"item\":\"https:\/\/rfidick.de\/en\/?page_id=2155\"},{\"@type\":\"ListItem\",\"position\":3,\"name\":\"Private: Knives and tools\",\"item\":\"https:\/\/rfidick.de\/en\/?page_id=2169\"},{\"@type\":\"ListItem\",\"position\":4,\"name\":\"F. DICK MasterGrip RFID\"}]},{\"@type\":\"WebSite\",\"@id\":\"https:\/\/rfidick.de\/en\/#website\",\"url\":\"https:\/\/rfidick.de\/en\/\",\"name\":\"RFIDICK-Solutions\",\"description\":\"\",\"publisher\":{\"@id\":\"https:\/\/rfidick.de\/en\/#organization\"},\"potentialAction\":[{\"@type\":\"SearchAction\",\"target\":{\"@type\":\"EntryPoint\",\"urlTemplate\":\"https:\/\/rfidick.de\/en\/?s={search_term_string}\"},\"query-input\":{\"@type\":\"PropertyValueSpecification\",\"valueRequired\":true,\"valueName\":\"search_term_string\"}}],\"inLanguage\":\"en-US\"},{\"@type\":\"Organization\",\"@id\":\"https:\/\/rfidick.de\/en\/#organization\",\"name\":\"RFIDICK-Solutions\",\"url\":\"https:\/\/rfidick.de\/en\/\",\"logo\":{\"@type\":\"ImageObject\",\"inLanguage\":\"en-US\",\"@id\":\"https:\/\/rfidick.de\/en\/#\/schema\/logo\/image\/\",\"url\":\"https:\/\/rfidick.de\/wp-content\/uploads\/rfidick_logo.svg\",\"contentUrl\":\"https:\/\/rfidick.de\/wp-content\/uploads\/rfidick_logo.svg\",\"width\":163,\"height\":36,\"caption\":\"RFIDICK-Solutions\"},\"image\":{\"@id\":\"https:\/\/rfidick.de\/en\/#\/schema\/logo\/image\/\"}}]}<\/script>\n<!-- \/ Yoast SEO plugin. -->","yoast_head_json":{"title":"The MasterGrip from RFIDICK Solutions","description":"Experience the MasterGrip RFID tools from RFIDICK-Solutions. Striking \u2713 Variable \u2713 Fast \u2713 Find out more and order now!","robots":{"index":"index","follow":"follow","max-snippet":"max-snippet:-1","max-image-preview":"max-image-preview:large","max-video-preview":"max-video-preview:-1"},"canonical":"https:\/\/rfidick.de\/en\/rfidick-solutions\/knives-and-tools\/f-dick-mastergrip-rfid\/","og_locale":"en_US","og_type":"article","og_title":"The MasterGrip from RFIDICK Solutions","og_description":"Experience the MasterGrip RFID tools from RFIDICK-Solutions. Striking \u2713 Variable \u2713 Fast \u2713 Find out more and order now!","og_url":"https:\/\/rfidick.de\/en\/rfidick-solutions\/knives-and-tools\/f-dick-mastergrip-rfid\/","og_site_name":"RFIDICK-Solutions","article_modified_time":"2024-11-09T15:41:21+00:00","twitter_card":"summary_large_image","twitter_misc":{"Est. reading time":"1 minute"},"schema":{"@context":"https:\/\/schema.org","@graph":[{"@type":"WebPage","@id":"https:\/\/rfidick.de\/en\/rfidick-solutions\/knives-and-tools\/f-dick-mastergrip-rfid\/","url":"https:\/\/rfidick.de\/en\/rfidick-solutions\/knives-and-tools\/f-dick-mastergrip-rfid\/","name":"The MasterGrip from RFIDICK Solutions","isPartOf":{"@id":"https:\/\/rfidick.de\/en\/#website"},"datePublished":"2023-11-16T09:46:08+00:00","dateModified":"2024-11-09T15:41:21+00:00","description":"Experience the MasterGrip RFID tools from RFIDICK-Solutions. Striking \u2713 Variable \u2713 Fast \u2713 Find out more and order now!","breadcrumb":{"@id":"https:\/\/rfidick.de\/en\/rfidick-solutions\/knives-and-tools\/f-dick-mastergrip-rfid\/#breadcrumb"},"inLanguage":"en-US","potentialAction":[{"@type":"ReadAction","target":["https:\/\/rfidick.de\/en\/rfidick-solutions\/knives-and-tools\/f-dick-mastergrip-rfid\/"]}]},{"@type":"BreadcrumbList","@id":"https:\/\/rfidick.de\/en\/rfidick-solutions\/knives-and-tools\/f-dick-mastergrip-rfid\/#breadcrumb","itemListElement":[{"@type":"ListItem","position":1,"name":"Startseite","item":"https:\/\/rfidick.de\/en\/"},{"@type":"ListItem","position":2,"name":"Private: RFIDICK Solutions","item":"https:\/\/rfidick.de\/en\/?page_id=2155"},{"@type":"ListItem","position":3,"name":"Private: Knives and tools","item":"https:\/\/rfidick.de\/en\/?page_id=2169"},{"@type":"ListItem","position":4,"name":"F. DICK MasterGrip RFID"}]},{"@type":"WebSite","@id":"https:\/\/rfidick.de\/en\/#website","url":"https:\/\/rfidick.de\/en\/","name":"RFIDICK-Solutions","description":"","publisher":{"@id":"https:\/\/rfidick.de\/en\/#organization"},"potentialAction":[{"@type":"SearchAction","target":{"@type":"EntryPoint","urlTemplate":"https:\/\/rfidick.de\/en\/?s={search_term_string}"},"query-input":{"@type":"PropertyValueSpecification","valueRequired":true,"valueName":"search_term_string"}}],"inLanguage":"en-US"},{"@type":"Organization","@id":"https:\/\/rfidick.de\/en\/#organization","name":"RFIDICK-Solutions","url":"https:\/\/rfidick.de\/en\/","logo":{"@type":"ImageObject","inLanguage":"en-US","@id":"https:\/\/rfidick.de\/en\/#\/schema\/logo\/image\/","url":"https:\/\/rfidick.de\/wp-content\/uploads\/rfidick_logo.svg","contentUrl":"https:\/\/rfidick.de\/wp-content\/uploads\/rfidick_logo.svg","width":163,"height":36,"caption":"RFIDICK-Solutions"},"image":{"@id":"https:\/\/rfidick.de\/en\/#\/schema\/logo\/image\/"}}]}},"_links":{"self":[{"href":"https:\/\/rfidick.de\/en\/wp-json\/wp\/v2\/pages\/2215","targetHints":{"allow":["GET"]}}],"collection":[{"href":"https:\/\/rfidick.de\/en\/wp-json\/wp\/v2\/pages"}],"about":[{"href":"https:\/\/rfidick.de\/en\/wp-json\/wp\/v2\/types\/page"}],"author":[{"embeddable":true,"href":"https:\/\/rfidick.de\/en\/wp-json\/wp\/v2\/users\/1"}],"replies":[{"embeddable":true,"href":"https:\/\/rfidick.de\/en\/wp-json\/wp\/v2\/comments?post=2215"}],"version-history":[{"count":3,"href":"https:\/\/rfidick.de\/en\/wp-json\/wp\/v2\/pages\/2215\/revisions"}],"predecessor-version":[{"id":4784,"href":"https:\/\/rfidick.de\/en\/wp-json\/wp\/v2\/pages\/2215\/revisions\/4784"}],"up":[{"embeddable":true,"href":"https:\/\/rfidick.de\/en\/wp-json\/wp\/v2\/pages\/2169"}],"wp:attachment":[{"href":"https:\/\/rfidick.de\/en\/wp-json\/wp\/v2\/media?parent=2215"}],"curies":[{"name":"wp","href":"https:\/\/api.w.org\/{rel}","templated":true}]}}